{"id":287,"date":"2026-02-09T13:07:04","date_gmt":"2026-02-09T13:07:04","guid":{"rendered":"https:\/\/www.a-gauche-en-sortant-de-lunivers.com\/?page_id=287"},"modified":"2026-02-09T13:07:04","modified_gmt":"2026-02-09T13:07:04","slug":"librairie","status":"publish","type":"page","link":"https:\/\/librairie.a-gauche-en-sortant-de-lunivers.com\/","title":{"rendered":"Librairie"},"content":{"rendered":"\n<div class=\"woocommerce columns-3 \"><ul class=\"products columns-3\">\n<li class=\"product type-product post-15 status-publish first instock product_cat-non-classe has-post-thumbnail featured taxable shipping-taxable purchasable product-type-simple\">\n\t<a href=\"https:\/\/librairie.a-gauche-en-sortant-de-lunivers.com\/?product=k-0\" class=\"woocommerce-LoopProduct-link woocommerce-loop-product__link\"><img loading=\"lazy\" decoding=\"async\" width=\"450\" height=\"692\" src=\"https:\/\/librairie.a-gauche-en-sortant-de-lunivers.com\/wp-content\/uploads\/2026\/02\/Couverture_Kegale0_Definitif_V1-450x692.jpg\" class=\"attachment-woocommerce_thumbnail size-woocommerce_thumbnail\" alt=\"K = 0\" srcset=\"https:\/\/librairie.a-gauche-en-sortant-de-lunivers.com\/wp-content\/uploads\/2026\/02\/Couverture_Kegale0_Definitif_V1-450x692.jpg 450w, https:\/\/librairie.a-gauche-en-sortant-de-lunivers.com\/wp-content\/uploads\/2026\/02\/Couverture_Kegale0_Definitif_V1-600x923.jpg 600w, https:\/\/librairie.a-gauche-en-sortant-de-lunivers.com\/wp-content\/uploads\/2026\/02\/Couverture_Kegale0_Definitif_V1-195x300.jpg 195w, https:\/\/librairie.a-gauche-en-sortant-de-lunivers.com\/wp-content\/uploads\/2026\/02\/Couverture_Kegale0_Definitif_V1-666x1024.jpg 666w, https:\/\/librairie.a-gauche-en-sortant-de-lunivers.com\/wp-content\/uploads\/2026\/02\/Couverture_Kegale0_Definitif_V1-768x1182.jpg 768w, https:\/\/librairie.a-gauche-en-sortant-de-lunivers.com\/wp-content\/uploads\/2026\/02\/Couverture_Kegale0_Definitif_V1-998x1536.jpg 998w, https:\/\/librairie.a-gauche-en-sortant-de-lunivers.com\/wp-content\/uploads\/2026\/02\/Couverture_Kegale0_Definitif_V1.jpg 1300w\" sizes=\"auto, (max-width: 450px) 100vw, 450px\" \/><h2 class=\"woocommerce-loop-product__title\">K = 0<\/h2>\n\t<span class=\"price\"><span class=\"woocommerce-Price-amount amount\"><bdi>19,00&nbsp;<span class=\"woocommerce-Price-currencySymbol\">&euro;<\/span><\/bdi><\/span> <small class=\"woocommerce-price-suffix\">TTC<\/small><\/span>\n<\/a><a href=\"\/index.php?rest_route=%2Fwp%2Fv2%2Fpages%2F287&#038;add-to-cart=15\" aria-describedby=\"woocommerce_loop_add_to_cart_link_describedby_15\" data-quantity=\"1\" class=\"button product_type_simple add_to_cart_button ajax_add_to_cart\" data-product_id=\"15\" data-product_sku=\"\" aria-label=\"Ajouter au panier\u00a0: &ldquo;K = 0&rdquo;\" rel=\"nofollow\" data-success_message=\"\u00ab\u00a0K = 0\u00a0\u00bb a \u00e9t\u00e9 ajout\u00e9 \u00e0 votre panier\" role=\"button\">Ajouter au panier<\/a>\t<span id=\"woocommerce_loop_add_to_cart_link_describedby_15\" class=\"screen-reader-text\">\n\t\t\t<\/span>\n<\/li>\n<\/ul>\n<\/div>\n","protected":false},"excerpt":{"rendered":"","protected":false},"author":1,"featured_media":0,"parent":0,"menu_order":0,"comment_status":"closed","ping_status":"closed","template":"","meta":{"footnotes":""},"class_list":["post-287","page","type-page","status-publish","hentry"],"_links":{"self":[{"href":"https:\/\/librairie.a-gauche-en-sortant-de-lunivers.com\/index.php?rest_route=\/wp\/v2\/pages\/287","targetHints":{"allow":["GET"]}}],"collection":[{"href":"https:\/\/librairie.a-gauche-en-sortant-de-lunivers.com\/index.php?rest_route=\/wp\/v2\/pages"}],"about":[{"href":"https:\/\/librairie.a-gauche-en-sortant-de-lunivers.com\/index.php?rest_route=\/wp\/v2\/types\/page"}],"author":[{"embeddable":true,"href":"https:\/\/librairie.a-gauche-en-sortant-de-lunivers.com\/index.php?rest_route=\/wp\/v2\/users\/1"}],"replies":[{"embeddable":true,"href":"https:\/\/librairie.a-gauche-en-sortant-de-lunivers.com\/index.php?rest_route=%2Fwp%2Fv2%2Fcomments&post=287"}],"version-history":[{"count":1,"href":"https:\/\/librairie.a-gauche-en-sortant-de-lunivers.com\/index.php?rest_route=\/wp\/v2\/pages\/287\/revisions"}],"predecessor-version":[{"id":288,"href":"https:\/\/librairie.a-gauche-en-sortant-de-lunivers.com\/index.php?rest_route=\/wp\/v2\/pages\/287\/revisions\/288"}],"wp:attachment":[{"href":"https:\/\/librairie.a-gauche-en-sortant-de-lunivers.com\/index.php?rest_route=%2Fwp%2Fv2%2Fmedia&parent=287"}],"curies":[{"name":"wp","href":"https:\/\/api.w.org\/{rel}","templated":true}]}}