{"id":15,"date":"2026-02-08T15:21:34","date_gmt":"2026-02-08T15:21:34","guid":{"rendered":"http:\/\/www.a-gauche-en-sortant-de-lunivers.com\/?post_type=product&#038;p=15"},"modified":"2026-02-09T16:58:37","modified_gmt":"2026-02-09T16:58:37","slug":"k-0","status":"publish","type":"product","link":"https:\/\/librairie.a-gauche-en-sortant-de-lunivers.com\/?product=k-0","title":{"rendered":"K = 0"},"content":{"rendered":"<p class=\"p1\">K = 0 : en cosmologie, c&rsquo;est la formule d&rsquo;un espace parfaitement plat. Sans courbure. Sans direction. On peut y marcher pendant des mill\u00e9naires sans jamais arriver nulle part. Kay, la cinquantaine, le meilleur tueur \u00e0 gages dans douze syst\u00e8mes, deux cent quarante-trois contrats depuis vingt-huit ans, est condamn\u00e9 \u00e0 la perp\u00e9tuit\u00e9 incompressible sur une prison-plateforme coinc\u00e9e dans un pli spatial de ce type, o\u00f9 comme lui annonce \u00e0 son arriv\u00e9e l&rsquo;andro\u00efde chef de d\u00e9tention : \u00ab\u00a0l&rsquo;\u00e9vasion est physiquement possible mais ontologiquement vaine\u00a0\u00bb. Comme les humains, l&rsquo;andro\u00efde parle trop. Il existe une faille. Encore faut-il la trouver. Jusqu&rsquo;\u00e0 une nuit, dans un couloir isol\u00e9 du secteur 7. Mais ce n&rsquo;est pas du tout, mais alors pas du tout, ce que vous croyez.<\/p>\n<p class=\"p1\">On nous a dit que ce roman \u00e9tait trop litt\u00e9raire pour le public de la SF. Trop SF pour \u00eatre pris au s\u00e9rieux. Trop mystique pour les rationalistes. Trop \u00e9quationnel pour les intuitifs. Trop tendre pour les mecs. Trop violent pour les femmes. Trop intello pour les t\u00eates de gondole. Bref, un roman qui ne rentre dans aucune case et va nous faire perdre de l&rsquo;argent. Avec Vlad, on a f\u00eat\u00e9 \u00e7a autour d&rsquo;une bonne bouteille de vodka.<\/p>\n<p class=\"p1\">Lisez. C&rsquo;est tout ce qu&rsquo;on vous demande.<\/p>\n","protected":false},"excerpt":{"rendered":"<p>Auteur : Vlad Skanda. Roman. Sortie : 2026. 376 pages. Format 13 x 20 cm. ISBN : 979-10-983230-0-3.<\/p>\n<p><strong>IMPORTANT : en raison des tarifs prohibitifs pratiqu\u00e9s par les transporteurs pour un envoi \u00e0 domicile, et afin de conserver des frais d&rsquo;envoi raisonnables (\u00e0 frais partag\u00e9s), nous n&rsquo;exp\u00e9dions que vers des \u00ab\u00a0Points relais\u00a0\u00bb ou \u00ab\u00a0Lockers\u00a0\u00bb de MONDIAL RELAY. Vous pourrez choisir votre \u00ab\u00a0Point Relais\u00a0\u00bb ou \u00ab\u00a0Locker\u00a0\u00bb apr\u00e8s avoir : (1) ajout\u00e9 votre commande au panier ; (2) valid\u00e9 votre commande ; (3) compl\u00e9t\u00e9 vos nom, pr\u00e9nom et adresse dans le formulaire de commande. Laissez-vous guider !\u00a0<\/strong><\/p>\n","protected":false},"featured_media":17,"template":"","meta":[],"product_brand":[],"product_cat":[15],"product_tag":[],"class_list":{"0":"post-15","1":"product","2":"type-product","3":"status-publish","4":"has-post-thumbnail","6":"product_cat-non-classe","8":"first","9":"instock","10":"featured","11":"taxable","12":"shipping-taxable","13":"purchasable","14":"product-type-simple"},"_links":{"self":[{"href":"https:\/\/librairie.a-gauche-en-sortant-de-lunivers.com\/index.php?rest_route=\/wp\/v2\/product\/15","targetHints":{"allow":["GET"]}}],"collection":[{"href":"https:\/\/librairie.a-gauche-en-sortant-de-lunivers.com\/index.php?rest_route=\/wp\/v2\/product"}],"about":[{"href":"https:\/\/librairie.a-gauche-en-sortant-de-lunivers.com\/index.php?rest_route=\/wp\/v2\/types\/product"}],"wp:featuredmedia":[{"embeddable":true,"href":"https:\/\/librairie.a-gauche-en-sortant-de-lunivers.com\/index.php?rest_route=\/wp\/v2\/media\/17"}],"wp:attachment":[{"href":"https:\/\/librairie.a-gauche-en-sortant-de-lunivers.com\/index.php?rest_route=%2Fwp%2Fv2%2Fmedia&parent=15"}],"wp:term":[{"taxonomy":"product_brand","embeddable":true,"href":"https:\/\/librairie.a-gauche-en-sortant-de-lunivers.com\/index.php?rest_route=%2Fwp%2Fv2%2Fproduct_brand&post=15"},{"taxonomy":"product_cat","embeddable":true,"href":"https:\/\/librairie.a-gauche-en-sortant-de-lunivers.com\/index.php?rest_route=%2Fwp%2Fv2%2Fproduct_cat&post=15"},{"taxonomy":"product_tag","embeddable":true,"href":"https:\/\/librairie.a-gauche-en-sortant-de-lunivers.com\/index.php?rest_route=%2Fwp%2Fv2%2Fproduct_tag&post=15"}],"curies":[{"name":"wp","href":"https:\/\/api.w.org\/{rel}","templated":true}]}}